{"id":6158,"date":"2026-04-13T09:26:34","date_gmt":"2026-04-13T07:26:34","guid":{"rendered":"https:\/\/luxed.freevision.me\/resort\/?page_id=6158"},"modified":"2026-04-15T16:48:08","modified_gmt":"2026-04-15T14:48:08","slug":"conditions-generales-des-ventes","status":"publish","type":"page","link":"https:\/\/www.lesgalants.fr\/en\/conditions-generales-des-ventes\/","title":{"rendered":"Terms and Conditions of Sale"},"content":{"rendered":"<div data-elementor-type=\"wp-page\" data-elementor-id=\"6158\" class=\"elementor elementor-6158\">\n\t\t\t\t<div class=\"elementor-element elementor-element-2257733b e-flex e-con-boxed e-con e-parent\" data-id=\"2257733b\" data-element_type=\"container\" data-e-type=\"container\">\n\t\t\t\t\t<div class=\"e-con-inner\">\n\t\t\t\t<div class=\"elementor-element elementor-element-315bce0 elementor-widget elementor-widget-text-editor\" data-id=\"315bce0\" data-element_type=\"widget\" data-e-type=\"widget\" data-widget_type=\"text-editor.default\">\n\t\t\t\t\t\t\t\t\t<h2>1. Payment terms<\/h2><p>The full amount of the stay must be paid at the time of booking. Upon receipt of payment within 7 days of your request, you will receive a booking confirmation by email.<\/p><p><strong>Please note: your booking option may be cancelled in case of delayed payment, with a 7-day holding period.<\/strong><\/p><h2>2. Accepted payment methods<\/h2><ul><li>Bank or postal cheque (payable to Les Galants SAS \u2013 French accounts only)<\/li><li>Credit card: Eurocard, Mastercard, Visa<\/li><\/ul><h2>3. Occupancy<\/h2><p>The number of guests indicated per accommodation corresponds to the maximum occupancy allowed, based on available equipment. For safety and insurance reasons, this limit cannot be exceeded.<\/p><h2>4. \u201cSpecial treehouse guarantee\u201d<\/h2><p>Due to the specific nature of this accommodation, a dedicated cancellation guarantee is included in the rental price, covering the following conditions:<\/p><ul><li><strong>a \u2013 Modification ou annulation de s\u00e9jour par vous-m\u00eame AVANT votre arriv\u00e9e<\/strong> : En cas de maladie grave, accident grave ou d\u00e9c\u00e8s et sur pr\u00e9sentation d\u2019un certificat m\u00e9dical ou de d\u00e9c\u00e8s la garantie sp\u00e9cifique cabane vous remboursera l\u2019int\u00e9gralit\u00e9 de votre r\u00e8glement. Pour tout s\u00e9jour annul\u00e9 plus de 30 jours avant la date d\u2019arriv\u00e9e, et n\u2019entrant pas dans les clauses d\u2019annulations mentionn\u00e9es ci-dessus, nous retiendrons l\u2019\u00e9quivalent de 20% du s\u00e9jour. Entre 30 et 8 jours avant le s\u00e9jour, il sera retenu 60% du montant. Pour tout s\u00e9jour annul\u00e9 dans les 7 jours pr\u00e9c\u00e9dant la date d\u2019arriv\u00e9e, interrompu ou non consomm\u00e9 pour quelque raison que ce soit, 80% du prix du montant du s\u00e9jour r\u00e9serv\u00e9 sera redevable ou restera acquise au Galants.<\/li><\/ul><ul><li><strong>b \u2013 Modification ou annulation de s\u00e9jour par Les Galants AVANT votre arriv\u00e9e<\/strong> : En cas d\u2019alerte m\u00e9t\u00e9o orange, avec des \u00e9v\u00e9nements ext\u00e9rieurs annonc\u00e9s, ind\u00e9pendants de notre volont\u00e9, tels intemp\u00e9ries, temp\u00eate ou orage, la direction se r\u00e9serve le droit d\u2019annuler votre s\u00e9jour pour des raisons de s\u00e9curit\u00e9. Dans ce cadre, nous vous proposerons le report de votre s\u00e9jour dans un nid perch\u00e9 \u00e0 une date ult\u00e9rieure, dans les 12 mois courants.<\/li><\/ul><ul><li><strong>b2 \u2013 Modification ou annulation de s\u00e9jour par le client AVANT votre arriv\u00e9e<\/strong> : En cas d\u2019alerte m\u00e9t\u00e9o orange, avec des \u00e9v\u00e9nements ext\u00e9rieurs annonc\u00e9s, ind\u00e9pendants de votre volont\u00e9, tels intemp\u00e9ries, temp\u00eate ou orage, si vous \u00eates dans l\u2019impossibilit\u00e9 de vous d\u00e9placer et seulement dans ce contexte m\u00e9t\u00e9orologique particulier, nous vous proposerons le report de votre s\u00e9jour \u00e0 une date ult\u00e9rieure, dans les 12 mois courants.<\/li><\/ul><ul><li><strong>c \u2013 Modification ou annulation de s\u00e9jour par Les Galants SUR SITE<\/strong> : En cas d\u2019alerte m\u00e9t\u00e9o Orange, avec des \u00e9v\u00e9nements ext\u00e9rieurs annonc\u00e9s, ind\u00e9pendants de notre volont\u00e9, tels intemp\u00e9ries, temp\u00eate ou orage, la direction se r\u00e9serve le droit d\u2019annuler votre nuit en nid perch\u00e9, pour des raisons de s\u00e9curit\u00e9. Un relogement dans d\u2019autres types h\u00e9bergements vous sera propos\u00e9 selon nos disponibilit\u00e9s et sans suppl\u00e9ment, et dans ce cas uniquement, vous b\u00e9n\u00e9ficierez d\u2019une r\u00e9duction de 50% sur un prochain s\u00e9jour \u00e9quivalent en nid perch\u00e9 dans les 12 mois courants. Aucune autre indemnit\u00e9 ne pourra \u00eatre r\u00e9clam\u00e9e. Uniquement si nous n\u2019avions pas de solution de relogement disponible, l\u2019int\u00e9gralit\u00e9 des sommes vers\u00e9es vous sera rembours\u00e9e ou un report de date vous sera propos\u00e9, dans les 12 mois courants.<\/li><\/ul><ul><li><strong>d \u2013 Modification ou annulation de s\u00e9jour par vous-m\u00eame SUR SITE<\/strong> : dans le cas d\u2019un refus d\u2019acc\u00e9der \u00e0 votre cabane (peur, vertige\u2026), un relogement dans d\u2019autres types h\u00e9bergements vous sera propos\u00e9 selon nos disponibilit\u00e9s et sans suppl\u00e9ment. Aucune autre indemnit\u00e9 ne pourra \u00eatre r\u00e9clam\u00e9e. Si nous n\u2019avions pas de solution de relogement disponible \u00e0 vous proposer l\u2019int\u00e9gralit\u00e9 des sommes vers\u00e9es vous sera rembours\u00e9e.<\/li><\/ul><h2>5. Pricing<\/h2><p>Prices shown on the website or brochures may be modified depending on economic conditions or regulatory changes and include all taxes. Only the price stated on your booking confirmation is valid.\n\nIf there is a price difference between the original stay date and a rescheduled date, the difference must be paid.<\/p><h2>6. Special conditions<\/h2><p>Gift vouchers are valid for a single use only and are non-refundable.<\/p><h2>7. Pets<\/h2><p>Pets are not allowed in the treehouses.<\/p><h2>8. Valuables<\/h2><p>Although the accommodations can be locked, guests are advised not to leave valuables inside.<\/p><h2>9. Complaints<\/h2><p>Any complaint must be sent by registered letter with acknowledgment of receipt within 30 days following the stay to:\nLes Galants, Route d\u2019Arquian, 58310 Saint-V\u00e9rain, France<\/p><h2>10. Disputes<\/h2><p>In case of dispute, only the competent court shall have jurisdiction.\n\nYour stay\n\n48 hours before arrival, you are asked to confirm your arrival time. Check-in is from 5:00 PM.\nIn case of late arrival or last-minute issue, you must notify us.\n\nA guestbook is available in each treehouse to collect your impressions.\nOn departure day, accommodation must be vacated by 11:30 AM.\nGuests are asked to leave the space clean and return any provided equipment to the designated area.\nYou will be welcomed at reception for final formalities.<\/p><p>How to book? Reservations are made online. If needed, bookings can also be made by phone at:\n+33 (0)9 50 85 69 35\n\nYou can also email us at: contact@lesgalants.fr\n\nWe will be happy to call you back, assist you, and organise your stay and booking.<\/p><p>Vous pouvez aussi nous envoyer un email \u00e0 : contact@lesgalants.fr<\/p><p>Nous nous ferons un plaisir de vous rappeler pour vous renseigner et organiser votre s\u00e9jour et votre r\u00e9servation.<\/p>\t\t\t\t\t\t\t\t<\/div>\n\t\t\t\t\t<\/div>\n\t\t\t\t<\/div>\n\t\t\t\t<\/div>","protected":false},"excerpt":{"rendered":"<p>1. R\u00e8glements Montant du s\u00e9jour \u00e0 verser en int\u00e9gralit\u00e9 \u00e0 la r\u00e9servation. D\u00e8s r\u00e9ception du r\u00e8glement dans les 7 jours suivant votre demande, vous recevrez [&hellip;]<\/p>\n","protected":false},"author":1,"featured_media":0,"parent":0,"menu_order":0,"comment_status":"closed","ping_status":"closed","template":"","meta":{"_acf_changed":false,"footnotes":""},"class_list":["post-6158","page","type-page","status-publish","hentry","luxed-post"],"acf":[],"yoast_head":"<!-- This site is optimized with the Yoast SEO plugin v27.4 - https:\/\/yoast.com\/product\/yoast-seo-wordpress\/ -->\n<title>Conditions g\u00e9n\u00e9rales de vente | Domaine Les Galants Saint-V\u00e9rain<\/title>\n<meta name=\"description\" content=\"La r\u00e9servation se fait \u00ab en ligne \u00bb. En cas d\u2019impossibilit\u00e9 ou d\u2019un quelconque probl\u00e8me, cette r\u00e9servation peut se faire par t\u00e9l\u00e9phone.\" \/>\n<meta name=\"robots\" content=\"index, follow, max-snippet:-1, max-image-preview:large, max-video-preview:-1\" \/>\n<link rel=\"canonical\" href=\"https:\/\/www.lesgalants.fr\/en\/conditions-generales-des-ventes\/\" \/>\n<meta property=\"og:locale\" content=\"en_GB\" \/>\n<meta property=\"og:type\" content=\"article\" \/>\n<meta property=\"og:title\" content=\"Conditions g\u00e9n\u00e9rales de vente | Domaine Les Galants Saint-V\u00e9rain\" \/>\n<meta property=\"og:description\" content=\"La r\u00e9servation se fait \u00ab en ligne \u00bb. En cas d\u2019impossibilit\u00e9 ou d\u2019un quelconque probl\u00e8me, cette r\u00e9servation peut se faire par t\u00e9l\u00e9phone.\" \/>\n<meta property=\"og:url\" content=\"https:\/\/www.lesgalants.fr\/en\/conditions-generales-des-ventes\/\" \/>\n<meta property=\"og:site_name\" content=\"Les Galants\" \/>\n<meta property=\"article:modified_time\" content=\"2026-04-15T14:48:08+00:00\" \/>\n<meta name=\"twitter:card\" content=\"summary_large_image\" \/>\n<meta name=\"twitter:label1\" content=\"Estimated reading time\" \/>\n\t<meta name=\"twitter:data1\" content=\"5 minutes\" \/>\n<script type=\"application\/ld+json\" class=\"yoast-schema-graph\">{\"@context\":\"https:\\\/\\\/schema.org\",\"@graph\":[{\"@type\":\"WebPage\",\"@id\":\"https:\\\/\\\/www.lesgalants.fr\\\/conditions-generales-des-ventes\\\/\",\"url\":\"https:\\\/\\\/www.lesgalants.fr\\\/conditions-generales-des-ventes\\\/\",\"name\":\"Conditions g\u00e9n\u00e9rales de vente | Domaine Les Galants Saint-V\u00e9rain\",\"isPartOf\":{\"@id\":\"https:\\\/\\\/www.lesgalants.fr\\\/#website\"},\"datePublished\":\"2026-04-13T07:26:34+00:00\",\"dateModified\":\"2026-04-15T14:48:08+00:00\",\"description\":\"La r\u00e9servation se fait \u00ab en ligne \u00bb. En cas d\u2019impossibilit\u00e9 ou d\u2019un quelconque probl\u00e8me, cette r\u00e9servation peut se faire par t\u00e9l\u00e9phone.\",\"breadcrumb\":{\"@id\":\"https:\\\/\\\/www.lesgalants.fr\\\/conditions-generales-des-ventes\\\/#breadcrumb\"},\"inLanguage\":\"en-GB\",\"potentialAction\":[{\"@type\":\"ReadAction\",\"target\":[\"https:\\\/\\\/www.lesgalants.fr\\\/conditions-generales-des-ventes\\\/\"]}]},{\"@type\":\"BreadcrumbList\",\"@id\":\"https:\\\/\\\/www.lesgalants.fr\\\/conditions-generales-des-ventes\\\/#breadcrumb\",\"itemListElement\":[{\"@type\":\"ListItem\",\"position\":1,\"name\":\"Accueil\",\"item\":\"https:\\\/\\\/www.lesgalants.fr\\\/\"},{\"@type\":\"ListItem\",\"position\":2,\"name\":\"Conditions g\u00e9n\u00e9rales de vente\"}]},{\"@type\":\"WebSite\",\"@id\":\"https:\\\/\\\/www.lesgalants.fr\\\/#website\",\"url\":\"https:\\\/\\\/www.lesgalants.fr\\\/\",\"name\":\"Les Galants\",\"description\":\"Location cabanes insolites en Bourgogne\",\"publisher\":{\"@id\":\"https:\\\/\\\/www.lesgalants.fr\\\/#organization\"},\"potentialAction\":[{\"@type\":\"SearchAction\",\"target\":{\"@type\":\"EntryPoint\",\"urlTemplate\":\"https:\\\/\\\/www.lesgalants.fr\\\/?s={search_term_string}\"},\"query-input\":{\"@type\":\"PropertyValueSpecification\",\"valueRequired\":true,\"valueName\":\"search_term_string\"}}],\"inLanguage\":\"en-GB\"},{\"@type\":\"Organization\",\"@id\":\"https:\\\/\\\/www.lesgalants.fr\\\/#organization\",\"name\":\"Les Galants\",\"url\":\"https:\\\/\\\/www.lesgalants.fr\\\/\",\"logo\":{\"@type\":\"ImageObject\",\"inLanguage\":\"en-GB\",\"@id\":\"https:\\\/\\\/www.lesgalants.fr\\\/#\\\/schema\\\/logo\\\/image\\\/\",\"url\":\"https:\\\/\\\/www.lesgalants.fr\\\/wp-content\\\/uploads\\\/2026\\\/03\\\/logo-galants.png\",\"contentUrl\":\"https:\\\/\\\/www.lesgalants.fr\\\/wp-content\\\/uploads\\\/2026\\\/03\\\/logo-galants.png\",\"width\":163,\"height\":130,\"caption\":\"Les Galants\"},\"image\":{\"@id\":\"https:\\\/\\\/www.lesgalants.fr\\\/#\\\/schema\\\/logo\\\/image\\\/\"}}]}<\/script>\n<!-- \/ Yoast SEO plugin. -->","yoast_head_json":{"title":"Terms and Conditions of Sale | Domaine Les Galants","description":"Bookings are made online. If this is not possible or in case of any issue, reservations can also be made by phone.","robots":{"index":"index","follow":"follow","max-snippet":"max-snippet:-1","max-image-preview":"max-image-preview:large","max-video-preview":"max-video-preview:-1"},"canonical":"https:\/\/www.lesgalants.fr\/en\/conditions-generales-des-ventes\/","og_locale":"en_GB","og_type":"article","og_title":"Conditions g\u00e9n\u00e9rales de vente | Domaine Les Galants Saint-V\u00e9rain","og_description":"La r\u00e9servation se fait \u00ab en ligne \u00bb. En cas d\u2019impossibilit\u00e9 ou d\u2019un quelconque probl\u00e8me, cette r\u00e9servation peut se faire par t\u00e9l\u00e9phone.","og_url":"https:\/\/www.lesgalants.fr\/en\/conditions-generales-des-ventes\/","og_site_name":"Les Galants","article_modified_time":"2026-04-15T14:48:08+00:00","twitter_card":"summary_large_image","twitter_misc":{"Estimated reading time":"5 minutes"},"schema":{"@context":"https:\/\/schema.org","@graph":[{"@type":"WebPage","@id":"https:\/\/www.lesgalants.fr\/conditions-generales-des-ventes\/","url":"https:\/\/www.lesgalants.fr\/conditions-generales-des-ventes\/","name":"Terms and Conditions of Sale | Domaine Les Galants","isPartOf":{"@id":"https:\/\/www.lesgalants.fr\/#website"},"datePublished":"2026-04-13T07:26:34+00:00","dateModified":"2026-04-15T14:48:08+00:00","description":"Bookings are made online. If this is not possible or in case of any issue, reservations can also be made by phone.","breadcrumb":{"@id":"https:\/\/www.lesgalants.fr\/conditions-generales-des-ventes\/#breadcrumb"},"inLanguage":"en-GB","potentialAction":[{"@type":"ReadAction","target":["https:\/\/www.lesgalants.fr\/conditions-generales-des-ventes\/"]}]},{"@type":"BreadcrumbList","@id":"https:\/\/www.lesgalants.fr\/conditions-generales-des-ventes\/#breadcrumb","itemListElement":[{"@type":"ListItem","position":1,"name":"Accueil","item":"https:\/\/www.lesgalants.fr\/"},{"@type":"ListItem","position":2,"name":"Conditions g\u00e9n\u00e9rales de vente"}]},{"@type":"WebSite","@id":"https:\/\/www.lesgalants.fr\/#website","url":"https:\/\/www.lesgalants.fr\/","name":"Les Galants","description":"Unusual treehouse rentals in Burgundy","publisher":{"@id":"https:\/\/www.lesgalants.fr\/#organization"},"potentialAction":[{"@type":"SearchAction","target":{"@type":"EntryPoint","urlTemplate":"https:\/\/www.lesgalants.fr\/?s={search_term_string}"},"query-input":{"@type":"PropertyValueSpecification","valueRequired":true,"valueName":"search_term_string"}}],"inLanguage":"en-GB"},{"@type":"Organization","@id":"https:\/\/www.lesgalants.fr\/#organization","name":"Les Galants","url":"https:\/\/www.lesgalants.fr\/","logo":{"@type":"ImageObject","inLanguage":"en-GB","@id":"https:\/\/www.lesgalants.fr\/#\/schema\/logo\/image\/","url":"https:\/\/www.lesgalants.fr\/wp-content\/uploads\/2026\/03\/logo-galants.png","contentUrl":"https:\/\/www.lesgalants.fr\/wp-content\/uploads\/2026\/03\/logo-galants.png","width":163,"height":130,"caption":"Les Galants"},"image":{"@id":"https:\/\/www.lesgalants.fr\/#\/schema\/logo\/image\/"}}]}},"_links":{"self":[{"href":"https:\/\/www.lesgalants.fr\/en\/wp-json\/wp\/v2\/pages\/6158","targetHints":{"allow":["GET"]}}],"collection":[{"href":"https:\/\/www.lesgalants.fr\/en\/wp-json\/wp\/v2\/pages"}],"about":[{"href":"https:\/\/www.lesgalants.fr\/en\/wp-json\/wp\/v2\/types\/page"}],"author":[{"embeddable":true,"href":"https:\/\/www.lesgalants.fr\/en\/wp-json\/wp\/v2\/users\/1"}],"replies":[{"embeddable":true,"href":"https:\/\/www.lesgalants.fr\/en\/wp-json\/wp\/v2\/comments?post=6158"}],"version-history":[{"count":14,"href":"https:\/\/www.lesgalants.fr\/en\/wp-json\/wp\/v2\/pages\/6158\/revisions"}],"predecessor-version":[{"id":8104,"href":"https:\/\/www.lesgalants.fr\/en\/wp-json\/wp\/v2\/pages\/6158\/revisions\/8104"}],"wp:attachment":[{"href":"https:\/\/www.lesgalants.fr\/en\/wp-json\/wp\/v2\/media?parent=6158"}],"curies":[{"name":"wp","href":"https:\/\/api.w.org\/{rel}","templated":true}]}}