{"id":8198,"date":"2026-05-13T10:40:50","date_gmt":"2026-05-13T08:40:50","guid":{"rendered":"https:\/\/www.lesgalants.fr\/?page_id=8198"},"modified":"2026-05-13T10:52:20","modified_gmt":"2026-05-13T08:52:20","slug":"bon-cadeau","status":"publish","type":"page","link":"https:\/\/www.lesgalants.fr\/en\/bon-cadeau\/","title":{"rendered":"Bon cadeau"},"content":{"rendered":"<div data-elementor-type=\"wp-page\" data-elementor-id=\"8198\" class=\"elementor elementor-8198\">\n\t\t\t\t\t\t<section class=\"elementor-section elementor-top-section elementor-element elementor-element-4c6f6bd elementor-section-height-min-height elementor-section-boxed elementor-section-height-default elementor-section-items-middle no no no\" data-id=\"4c6f6bd\" data-element_type=\"section\" data-e-type=\"section\" data-settings=\"{&quot;background_background&quot;:&quot;classic&quot;}\">\n\t\t\t\t\t\t\t<div class=\"elementor-background-overlay\"><\/div>\n\t\t\t\t\t\t\t<div class=\"elementor-container elementor-column-gap-default\">\n\t\t\t\t\t<div class=\"elementor-column elementor-col-100 elementor-top-column elementor-element elementor-element-f824844\" data-id=\"f824844\" data-element_type=\"column\" data-e-type=\"column\">\n\t\t\t<div class=\"elementor-widget-wrap\">\n\t\t\t\t\t\t\t<\/div>\n\t\t<\/div>\n\t\t\t\t\t<\/div>\n\t\t<\/section>\n\t\t\t\t<section class=\"elementor-section elementor-top-section elementor-element elementor-element-ddf06c4 elementor-section-boxed elementor-section-height-default elementor-section-height-default no no no\" data-id=\"ddf06c4\" data-element_type=\"section\" data-e-type=\"section\" data-settings=\"{&quot;background_background&quot;:&quot;classic&quot;}\">\n\t\t\t\t\t\t<div class=\"elementor-container elementor-column-gap-default\">\n\t\t\t\t\t<div class=\"elementor-column elementor-col-100 elementor-top-column elementor-element elementor-element-293c702\" data-id=\"293c702\" data-element_type=\"column\" data-e-type=\"column\">\n\t\t\t<div class=\"elementor-widget-wrap elementor-element-populated\">\n\t\t\t\t\t\t<div class=\"elementor-element elementor-element-95f9709 elementor-widget elementor-widget-spacer\" data-id=\"95f9709\" data-element_type=\"widget\" data-e-type=\"widget\" data-widget_type=\"spacer.default\">\n\t\t\t\t\t\t\t<div class=\"elementor-spacer\">\n\t\t\t<div class=\"elementor-spacer-inner\"><\/div>\n\t\t<\/div>\n\t\t\t\t\t\t<\/div>\n\t\t\t\t<div class=\"elementor-element elementor-element-2c21c3d elementor-widget elementor-widget-luxed-divider\" data-id=\"2c21c3d\" data-element_type=\"widget\" data-e-type=\"widget\" data-widget_type=\"luxed-divider.default\">\n\t\t\t\t<div class=\"elementor-widget-container\">\n\t\t\t\t\t<div class=\"horizontal-divider heading-typography style-1\">\t\t<h3 >BON CADEAU LES GALANTS<\/h3>\r\n\t\t<\/div>\t\t\t\t<\/div>\n\t\t\t\t<\/div>\n\t\t\t\t<div class=\"elementor-element elementor-element-1add180 elementor-widget elementor-widget-heading\" data-id=\"1add180\" data-element_type=\"widget\" data-e-type=\"widget\" data-widget_type=\"heading.default\">\n\t\t\t\t\t<h1 class=\"elementor-heading-title elementor-size-default\">Offrez une nuit insolite !<\/h1>\t\t\t\t<\/div>\n\t\t\t\t<div class=\"elementor-element elementor-element-3a0e91b elementor-widget elementor-widget-text-editor\" data-id=\"3a0e91b\" data-element_type=\"widget\" data-e-type=\"widget\" data-widget_type=\"text-editor.default\">\n\t\t\t\t\t\t\t\t\t<p>Avec le bon cadeau Nids Perch\u00e9s Les Galants, laissez vos proches vivre une exp\u00e9rience unique dans une cabane perch\u00e9e, entre calme, d\u00e9connexion et souvenirs inoubliables. Flexible et simple \u00e0 offrir, le b\u00e9n\u00e9ficiaire choisit librement la date de son s\u00e9jour selon ses envies.<\/p>\t\t\t\t\t\t\t\t<\/div>\n\t\t\t\t<div class=\"elementor-element elementor-element-d447aa3 elementor-widget elementor-widget-spacer\" data-id=\"d447aa3\" data-element_type=\"widget\" data-e-type=\"widget\" data-widget_type=\"spacer.default\">\n\t\t\t\t\t\t\t<div class=\"elementor-spacer\">\n\t\t\t<div class=\"elementor-spacer-inner\"><\/div>\n\t\t<\/div>\n\t\t\t\t\t\t<\/div>\n\t\t\t\t<div class=\"elementor-element elementor-element-26cbc86 elementor-widget elementor-widget-spacer\" data-id=\"26cbc86\" data-element_type=\"widget\" data-e-type=\"widget\" data-widget_type=\"spacer.default\">\n\t\t\t\t\t\t\t<div class=\"elementor-spacer\">\n\t\t\t<div class=\"elementor-spacer-inner\"><\/div>\n\t\t<\/div>\n\t\t\t\t\t\t<\/div>\n\t\t\t\t\t<\/div>\n\t\t<\/div>\n\t\t\t\t\t<\/div>\n\t\t<\/section>\n\t\t<div class=\"elementor-element elementor-element-b32c2cf e-flex e-con-boxed e-con e-parent\" data-id=\"b32c2cf\" data-element_type=\"container\" data-e-type=\"container\" data-settings=\"{&quot;background_background&quot;:&quot;classic&quot;}\">\n\t\t\t\t\t<div class=\"e-con-inner\">\n\t\t\t\t<div class=\"elementor-element elementor-element-37bc2cb no elementor-widget elementor-widget-image\" data-id=\"37bc2cb\" data-element_type=\"widget\" data-e-type=\"widget\" data-widget_type=\"image.default\">\n\t\t\t\t\t\t\t\t\t\t\t\t\t\t\t<img fetchpriority=\"high\" decoding=\"async\" width=\"1024\" height=\"683\" src=\"https:\/\/www.lesgalants.fr\/wp-content\/uploads\/2026\/05\/Bon-Cadeau-New-1024x683.jpg\" class=\"attachment-large size-large wp-image-8200\" alt=\"Bon cadeau Les Galants\" srcset=\"https:\/\/www.lesgalants.fr\/wp-content\/uploads\/2026\/05\/Bon-Cadeau-New-1024x683.jpg 1024w, https:\/\/www.lesgalants.fr\/wp-content\/uploads\/2026\/05\/Bon-Cadeau-New-300x200.jpg 300w, https:\/\/www.lesgalants.fr\/wp-content\/uploads\/2026\/05\/Bon-Cadeau-New-768x512.jpg 768w, https:\/\/www.lesgalants.fr\/wp-content\/uploads\/2026\/05\/Bon-Cadeau-New-18x12.jpg 18w, https:\/\/www.lesgalants.fr\/wp-content\/uploads\/2026\/05\/Bon-Cadeau-New.jpg 1536w\" sizes=\"(max-width: 1024px) 100vw, 1024px\" \/>\t\t\t\t\t\t\t\t\t\t\t\t\t\t\t<\/div>\n\t\t\t\t\t<\/div>\n\t\t\t\t<\/div>\n\t\t<div class=\"elementor-element elementor-element-bceac5f e-flex e-con-boxed e-con e-parent\" data-id=\"bceac5f\" data-element_type=\"container\" data-e-type=\"container\" data-settings=\"{&quot;background_background&quot;:&quot;classic&quot;}\">\n\t\t\t\t\t<div class=\"e-con-inner\">\n\t\t<div class=\"elementor-element elementor-element-960b782 e-flex e-con-boxed e-con e-child\" data-id=\"960b782\" data-element_type=\"container\" data-e-type=\"container\">\n\t\t\t\t\t<div class=\"e-con-inner\">\n\t\t<div class=\"elementor-element elementor-element-a74af37 e-grid e-con-full e-con e-child\" data-id=\"a74af37\" data-element_type=\"container\" data-e-type=\"container\">\n\t\t\t\t<div class=\"elementor-element elementor-element-c372d95 elementor-widget elementor-widget-luxed-fancy-button\" data-id=\"c372d95\" data-element_type=\"widget\" data-e-type=\"widget\" data-widget_type=\"luxed-fancy-button.default\">\n\t\t\t\t<div class=\"elementor-widget-container\">\n\t\t\t\t\t<a class=\"luxed-custom_button ocbtn-6 bt-center ic-right\" role=\"button\" href=\"https:\/\/www.lesgalants.fr\/en\/accommodation\/leaning-nest\/\" style=\"--data-bordercolor:#AC8B51;--fg-color:#BDB6B6;--fg-color-hover:#ffffff;--bg-color:#AC8B51;--bg-color-active:#AC8B51;\">Book a treehouse nest<i aria-hidden=\"true\" style=\"height: 1.2em\" class=\"oic oic-rightn3\"><\/i><span><\/span><\/a>\t\t\t\t<\/div>\n\t\t\t\t<\/div>\n\t\t\t\t<\/div>\n\t\t\t\t\t<\/div>\n\t\t\t\t<\/div>\n\t\t\t\t<div class=\"elementor-element elementor-element-9cbe5e1 elementor-widget elementor-widget-spacer\" data-id=\"9cbe5e1\" data-element_type=\"widget\" data-e-type=\"widget\" data-widget_type=\"spacer.default\">\n\t\t\t\t\t\t\t<div class=\"elementor-spacer\">\n\t\t\t<div class=\"elementor-spacer-inner\"><\/div>\n\t\t<\/div>\n\t\t\t\t\t\t<\/div>\n\t\t\t\t\t<\/div>\n\t\t\t\t<\/div>\n\t\t\t\t<\/div>","protected":false},"excerpt":{"rendered":"<p>BON CADEAU LES GALANTS Offrez une nuit insolite ! Avec le bon cadeau Nids Perch\u00e9s Les Galants, laissez vos proches vivre une exp\u00e9rience unique dans [&hellip;]<\/p>\n","protected":false},"author":1,"featured_media":0,"parent":0,"menu_order":0,"comment_status":"closed","ping_status":"closed","template":"","meta":{"_acf_changed":false,"footnotes":""},"class_list":["post-8198","page","type-page","status-publish","hentry","luxed-post"],"acf":[],"yoast_head":"<!-- This site is optimized with the Yoast SEO plugin v27.6 - https:\/\/yoast.com\/product\/yoast-seo-wordpress\/ -->\n<title>Bon Cadeau Cabane Perch\u00e9e | Offrez une Nuit Insolite<\/title>\n<meta name=\"description\" content=\"Offrez un s\u00e9jour insolite dans une cabane perch\u00e9e avec le bons cadeau Les Galants. Une exp\u00e9rience nature unique, flexible et inoubliable.\" \/>\n<meta name=\"robots\" content=\"index, follow, max-snippet:-1, max-image-preview:large, max-video-preview:-1\" \/>\n<link rel=\"canonical\" href=\"https:\/\/www.lesgalants.fr\/en\/bon-cadeau\/\" \/>\n<meta property=\"og:locale\" content=\"en_GB\" \/>\n<meta property=\"og:type\" content=\"article\" \/>\n<meta property=\"og:title\" content=\"Bon Cadeau Cabane Perch\u00e9e | Offrez une Nuit Insolite\" \/>\n<meta property=\"og:description\" content=\"Offrez un s\u00e9jour insolite dans une cabane perch\u00e9e avec le bons cadeau Les Galants. Une exp\u00e9rience nature unique, flexible et inoubliable.\" \/>\n<meta property=\"og:url\" content=\"https:\/\/www.lesgalants.fr\/en\/bon-cadeau\/\" \/>\n<meta property=\"og:site_name\" content=\"Les Galants\" \/>\n<meta property=\"article:modified_time\" content=\"2026-05-13T08:52:20+00:00\" \/>\n<meta property=\"og:image\" content=\"https:\/\/www.lesgalants.fr\/wp-content\/uploads\/2026\/05\/Bon-Cadeau-New.jpg\" \/>\n\t<meta property=\"og:image:width\" content=\"1536\" \/>\n\t<meta property=\"og:image:height\" content=\"1024\" \/>\n\t<meta property=\"og:image:type\" content=\"image\/jpeg\" \/>\n<meta name=\"twitter:card\" content=\"summary_large_image\" \/>\n<meta name=\"twitter:label1\" content=\"Estimated reading time\" \/>\n\t<meta name=\"twitter:data1\" content=\"1 minute\" \/>\n<script type=\"application\/ld+json\" class=\"yoast-schema-graph\">{\"@context\":\"https:\\\/\\\/schema.org\",\"@graph\":[{\"@type\":\"WebPage\",\"@id\":\"https:\\\/\\\/www.lesgalants.fr\\\/bon-cadeau\\\/\",\"url\":\"https:\\\/\\\/www.lesgalants.fr\\\/bon-cadeau\\\/\",\"name\":\"Bon Cadeau Cabane Perch\u00e9e | Offrez une Nuit Insolite\",\"isPartOf\":{\"@id\":\"https:\\\/\\\/www.lesgalants.fr\\\/#website\"},\"primaryImageOfPage\":{\"@id\":\"https:\\\/\\\/www.lesgalants.fr\\\/bon-cadeau\\\/#primaryimage\"},\"image\":{\"@id\":\"https:\\\/\\\/www.lesgalants.fr\\\/bon-cadeau\\\/#primaryimage\"},\"thumbnailUrl\":\"https:\\\/\\\/www.lesgalants.fr\\\/wp-content\\\/uploads\\\/2026\\\/05\\\/Bon-Cadeau-New-1024x683.jpg\",\"datePublished\":\"2026-05-13T08:40:50+00:00\",\"dateModified\":\"2026-05-13T08:52:20+00:00\",\"description\":\"Offrez un s\u00e9jour insolite dans une cabane perch\u00e9e avec le bons cadeau Les Galants. Une exp\u00e9rience nature unique, flexible et inoubliable.\",\"breadcrumb\":{\"@id\":\"https:\\\/\\\/www.lesgalants.fr\\\/bon-cadeau\\\/#breadcrumb\"},\"inLanguage\":\"en-GB\",\"potentialAction\":[{\"@type\":\"ReadAction\",\"target\":[\"https:\\\/\\\/www.lesgalants.fr\\\/bon-cadeau\\\/\"]}]},{\"@type\":\"ImageObject\",\"inLanguage\":\"en-GB\",\"@id\":\"https:\\\/\\\/www.lesgalants.fr\\\/bon-cadeau\\\/#primaryimage\",\"url\":\"https:\\\/\\\/www.lesgalants.fr\\\/wp-content\\\/uploads\\\/2026\\\/05\\\/Bon-Cadeau-New-1024x683.jpg\",\"contentUrl\":\"https:\\\/\\\/www.lesgalants.fr\\\/wp-content\\\/uploads\\\/2026\\\/05\\\/Bon-Cadeau-New-1024x683.jpg\"},{\"@type\":\"BreadcrumbList\",\"@id\":\"https:\\\/\\\/www.lesgalants.fr\\\/bon-cadeau\\\/#breadcrumb\",\"itemListElement\":[{\"@type\":\"ListItem\",\"position\":1,\"name\":\"Accueil\",\"item\":\"https:\\\/\\\/www.lesgalants.fr\\\/\"},{\"@type\":\"ListItem\",\"position\":2,\"name\":\"Bon cadeau\"}]},{\"@type\":\"WebSite\",\"@id\":\"https:\\\/\\\/www.lesgalants.fr\\\/#website\",\"url\":\"https:\\\/\\\/www.lesgalants.fr\\\/\",\"name\":\"Les Galants\",\"description\":\"Location cabanes insolites en Bourgogne\",\"publisher\":{\"@id\":\"https:\\\/\\\/www.lesgalants.fr\\\/#organization\"},\"potentialAction\":[{\"@type\":\"SearchAction\",\"target\":{\"@type\":\"EntryPoint\",\"urlTemplate\":\"https:\\\/\\\/www.lesgalants.fr\\\/?s={search_term_string}\"},\"query-input\":{\"@type\":\"PropertyValueSpecification\",\"valueRequired\":true,\"valueName\":\"search_term_string\"}}],\"inLanguage\":\"en-GB\"},{\"@type\":\"Organization\",\"@id\":\"https:\\\/\\\/www.lesgalants.fr\\\/#organization\",\"name\":\"Les Galants\",\"url\":\"https:\\\/\\\/www.lesgalants.fr\\\/\",\"logo\":{\"@type\":\"ImageObject\",\"inLanguage\":\"en-GB\",\"@id\":\"https:\\\/\\\/www.lesgalants.fr\\\/#\\\/schema\\\/logo\\\/image\\\/\",\"url\":\"https:\\\/\\\/www.lesgalants.fr\\\/wp-content\\\/uploads\\\/2026\\\/03\\\/logo-galants.png\",\"contentUrl\":\"https:\\\/\\\/www.lesgalants.fr\\\/wp-content\\\/uploads\\\/2026\\\/03\\\/logo-galants.png\",\"width\":163,\"height\":130,\"caption\":\"Les Galants\"},\"image\":{\"@id\":\"https:\\\/\\\/www.lesgalants.fr\\\/#\\\/schema\\\/logo\\\/image\\\/\"}}]}<\/script>\n<!-- \/ Yoast SEO plugin. -->","yoast_head_json":{"title":"Bon Cadeau Cabane Perch\u00e9e | Offrez une Nuit Insolite","description":"Offrez un s\u00e9jour insolite dans une cabane perch\u00e9e avec le bons cadeau Les Galants. Une exp\u00e9rience nature unique, flexible et inoubliable.","robots":{"index":"index","follow":"follow","max-snippet":"max-snippet:-1","max-image-preview":"max-image-preview:large","max-video-preview":"max-video-preview:-1"},"canonical":"https:\/\/www.lesgalants.fr\/en\/bon-cadeau\/","og_locale":"en_GB","og_type":"article","og_title":"Bon Cadeau Cabane Perch\u00e9e | Offrez une Nuit Insolite","og_description":"Offrez un s\u00e9jour insolite dans une cabane perch\u00e9e avec le bons cadeau Les Galants. Une exp\u00e9rience nature unique, flexible et inoubliable.","og_url":"https:\/\/www.lesgalants.fr\/en\/bon-cadeau\/","og_site_name":"Les Galants","article_modified_time":"2026-05-13T08:52:20+00:00","og_image":[{"width":1536,"height":1024,"url":"https:\/\/www.lesgalants.fr\/wp-content\/uploads\/2026\/05\/Bon-Cadeau-New.jpg","type":"image\/jpeg"}],"twitter_card":"summary_large_image","twitter_misc":{"Estimated reading time":"1 minute"},"schema":{"@context":"https:\/\/schema.org","@graph":[{"@type":"WebPage","@id":"https:\/\/www.lesgalants.fr\/bon-cadeau\/","url":"https:\/\/www.lesgalants.fr\/bon-cadeau\/","name":"Bon Cadeau Cabane Perch\u00e9e | Offrez une Nuit Insolite","isPartOf":{"@id":"https:\/\/www.lesgalants.fr\/#website"},"primaryImageOfPage":{"@id":"https:\/\/www.lesgalants.fr\/bon-cadeau\/#primaryimage"},"image":{"@id":"https:\/\/www.lesgalants.fr\/bon-cadeau\/#primaryimage"},"thumbnailUrl":"https:\/\/www.lesgalants.fr\/wp-content\/uploads\/2026\/05\/Bon-Cadeau-New-1024x683.jpg","datePublished":"2026-05-13T08:40:50+00:00","dateModified":"2026-05-13T08:52:20+00:00","description":"Offrez un s\u00e9jour insolite dans une cabane perch\u00e9e avec le bons cadeau Les Galants. Une exp\u00e9rience nature unique, flexible et inoubliable.","breadcrumb":{"@id":"https:\/\/www.lesgalants.fr\/bon-cadeau\/#breadcrumb"},"inLanguage":"en-GB","potentialAction":[{"@type":"ReadAction","target":["https:\/\/www.lesgalants.fr\/bon-cadeau\/"]}]},{"@type":"ImageObject","inLanguage":"en-GB","@id":"https:\/\/www.lesgalants.fr\/bon-cadeau\/#primaryimage","url":"https:\/\/www.lesgalants.fr\/wp-content\/uploads\/2026\/05\/Bon-Cadeau-New-1024x683.jpg","contentUrl":"https:\/\/www.lesgalants.fr\/wp-content\/uploads\/2026\/05\/Bon-Cadeau-New-1024x683.jpg"},{"@type":"BreadcrumbList","@id":"https:\/\/www.lesgalants.fr\/bon-cadeau\/#breadcrumb","itemListElement":[{"@type":"ListItem","position":1,"name":"Accueil","item":"https:\/\/www.lesgalants.fr\/"},{"@type":"ListItem","position":2,"name":"Bon cadeau"}]},{"@type":"WebSite","@id":"https:\/\/www.lesgalants.fr\/#website","url":"https:\/\/www.lesgalants.fr\/","name":"Les Galants","description":"Unusual treehouse rentals in Burgundy","publisher":{"@id":"https:\/\/www.lesgalants.fr\/#organization"},"potentialAction":[{"@type":"SearchAction","target":{"@type":"EntryPoint","urlTemplate":"https:\/\/www.lesgalants.fr\/?s={search_term_string}"},"query-input":{"@type":"PropertyValueSpecification","valueRequired":true,"valueName":"search_term_string"}}],"inLanguage":"en-GB"},{"@type":"Organization","@id":"https:\/\/www.lesgalants.fr\/#organization","name":"Les Galants","url":"https:\/\/www.lesgalants.fr\/","logo":{"@type":"ImageObject","inLanguage":"en-GB","@id":"https:\/\/www.lesgalants.fr\/#\/schema\/logo\/image\/","url":"https:\/\/www.lesgalants.fr\/wp-content\/uploads\/2026\/03\/logo-galants.png","contentUrl":"https:\/\/www.lesgalants.fr\/wp-content\/uploads\/2026\/03\/logo-galants.png","width":163,"height":130,"caption":"Les Galants"},"image":{"@id":"https:\/\/www.lesgalants.fr\/#\/schema\/logo\/image\/"}}]}},"_links":{"self":[{"href":"https:\/\/www.lesgalants.fr\/en\/wp-json\/wp\/v2\/pages\/8198","targetHints":{"allow":["GET"]}}],"collection":[{"href":"https:\/\/www.lesgalants.fr\/en\/wp-json\/wp\/v2\/pages"}],"about":[{"href":"https:\/\/www.lesgalants.fr\/en\/wp-json\/wp\/v2\/types\/page"}],"author":[{"embeddable":true,"href":"https:\/\/www.lesgalants.fr\/en\/wp-json\/wp\/v2\/users\/1"}],"replies":[{"embeddable":true,"href":"https:\/\/www.lesgalants.fr\/en\/wp-json\/wp\/v2\/comments?post=8198"}],"version-history":[{"count":13,"href":"https:\/\/www.lesgalants.fr\/en\/wp-json\/wp\/v2\/pages\/8198\/revisions"}],"predecessor-version":[{"id":8215,"href":"https:\/\/www.lesgalants.fr\/en\/wp-json\/wp\/v2\/pages\/8198\/revisions\/8215"}],"wp:attachment":[{"href":"https:\/\/www.lesgalants.fr\/en\/wp-json\/wp\/v2\/media?parent=8198"}],"curies":[{"name":"wp","href":"https:\/\/api.w.org\/{rel}","templated":true}]}}